{"id":28572,"date":"2025-08-08T22:25:15","date_gmt":"2025-08-08T22:25:15","guid":{"rendered":"https:\/\/pomirishi.rs\/lokacija-i-distributeri\/"},"modified":"2026-03-05T18:29:06","modified_gmt":"2026-03-05T18:29:06","slug":"torgovye-tochki","status":"publish","type":"page","link":"https:\/\/pomirishi.rs\/ru\/torgovye-tochki\/","title":{"rendered":"\u0422\u041e\u0420\u0413\u041e\u0412\u042b\u0415 \u0422\u041e\u0427\u041a\u0418"},"content":{"rendered":"\t\t<div data-elementor-type=\"wp-page\" data-elementor-id=\"28572\" class=\"elementor elementor-28572 elementor-28553\" data-elementor-post-type=\"page\">\n\t\t\t\t<div class=\"elementor-element elementor-element-fdb7b85 e-flex e-con-boxed e-con e-parent\" data-id=\"fdb7b85\" data-element_type=\"container\" data-e-type=\"container\" data-settings=\"{&quot;background_background&quot;:&quot;classic&quot;}\">\n\t\t\t\t\t<div class=\"e-con-inner\">\n\t\t<div class=\"elementor-element elementor-element-ac647d4 e-con-full e-flex e-con e-child\" data-id=\"ac647d4\" data-element_type=\"container\" data-e-type=\"container\">\n\t\t\t\t<div class=\"elementor-element elementor-element-29fdbaf elementor-invisible elementor-widget elementor-widget-heading\" data-id=\"29fdbaf\" data-element_type=\"widget\" data-e-type=\"widget\" data-settings=\"{&quot;_animation&quot;:&quot;fadeIn&quot;}\" data-widget_type=\"heading.default\">\n\t\t\t\t<div class=\"elementor-widget-container\">\n\t\t\t\t\t<h1 class=\"elementor-heading-title elementor-size-default\">\u041b\u041e\u041a\u0410\u0426\u0418\u042f<\/h1>\t\t\t\t<\/div>\n\t\t\t\t<\/div>\n\t\t\t\t<div class=\"elementor-element elementor-element-661e2bc elementor-widget elementor-widget-text-editor\" data-id=\"661e2bc\" data-element_type=\"widget\" data-e-type=\"widget\" data-widget_type=\"text-editor.default\">\n\t\t\t\t<div class=\"elementor-widget-container\">\n\t\t\t\t\t\t\t\t\t<p>\u0413\u0432\u043e\u0437\u0434\u0438\u045b\u0435\u0432\u0430 29, \u0411\u0435\u043b\u0433\u0440\u0430\u0434 11050<\/p>\t\t\t\t\t\t\t\t<\/div>\n\t\t\t\t<\/div>\n\t\t<div class=\"elementor-element elementor-element-e7b10e3 e-con-full e-transform e-flex e-con e-child\" data-id=\"e7b10e3\" data-element_type=\"container\" data-e-type=\"container\" data-settings=\"{&quot;background_background&quot;:&quot;classic&quot;,&quot;_transform_scale_effect_hover&quot;:{&quot;unit&quot;:&quot;px&quot;,&quot;size&quot;:1.03,&quot;sizes&quot;:[]},&quot;_transform_scale_effect_hover_tablet&quot;:{&quot;unit&quot;:&quot;px&quot;,&quot;size&quot;:&quot;&quot;,&quot;sizes&quot;:[]},&quot;_transform_scale_effect_hover_mobile&quot;:{&quot;unit&quot;:&quot;px&quot;,&quot;size&quot;:&quot;&quot;,&quot;sizes&quot;:[]}}\">\n\t\t\t\t<div class=\"elementor-element elementor-element-136a086 elementor-widget elementor-widget-text-editor\" data-id=\"136a086\" data-element_type=\"widget\" data-e-type=\"widget\" data-widget_type=\"text-editor.default\">\n\t\t\t\t<div class=\"elementor-widget-container\">\n\t\t\t\t\t\t\t\t\t<p>\u041f\u043e\u043d\u0435\u0434\u0435\u043b\u044c\u043d\u0438\u043a \u2013 \u041f\u044f\u0442\u043d\u0438\u0446\u0430: 10:00 \u2013 17:00<\/p>\t\t\t\t\t\t\t\t<\/div>\n\t\t\t\t<\/div>\n\t\t\t\t<\/div>\n\t\t\t\t<\/div>\n\t\t<div class=\"elementor-element elementor-element-7a8981c e-con-full e-flex e-con e-child\" data-id=\"7a8981c\" data-element_type=\"container\" data-e-type=\"container\" data-settings=\"{&quot;background_background&quot;:&quot;classic&quot;}\">\n\t\t\t\t<\/div>\n\t\t\t\t\t<\/div>\n\t\t\t\t<\/div>\n\t\t<div class=\"elementor-element elementor-element-492ac09 e-flex e-con-boxed e-con e-parent\" data-id=\"492ac09\" data-element_type=\"container\" data-e-type=\"container\" data-settings=\"{&quot;background_background&quot;:&quot;classic&quot;}\">\n\t\t\t\t\t<div class=\"e-con-inner\">\n\t\t\t\t<div class=\"elementor-element elementor-element-5d3170b elementor-invisible elementor-widget elementor-widget-heading\" data-id=\"5d3170b\" data-element_type=\"widget\" data-e-type=\"widget\" data-settings=\"{&quot;_animation&quot;:&quot;fadeIn&quot;}\" data-widget_type=\"heading.default\">\n\t\t\t\t<div class=\"elementor-widget-container\">\n\t\t\t\t\t<h2 class=\"elementor-heading-title elementor-size-default\">\u0414\u0418\u0421\u0422\u0420\u0418\u0411\u042c\u042e\u0422\u041e\u0420\u042b<\/h2>\t\t\t\t<\/div>\n\t\t\t\t<\/div>\n\t\t\t\t<div class=\"elementor-element elementor-element-7f2c2f6 elementor-invisible elementor-widget elementor-widget-text-editor\" data-id=\"7f2c2f6\" data-element_type=\"widget\" data-e-type=\"widget\" data-settings=\"{&quot;_animation&quot;:&quot;fadeIn&quot;,&quot;_animation_delay&quot;:100}\" data-widget_type=\"text-editor.default\">\n\t\t\t\t<div class=\"elementor-widget-container\">\n\t\t\t\t\t\t\t\t\t<p>\u041d\u0430\u0448\u0438 \u0442\u043e\u0432\u0430\u0440\u044b \u043c\u043e\u0436\u043d\u043e \u043f\u0440\u0438\u043e\u0431\u0440\u0435\u0441\u0442\u0438 \u0438 \u0432 \u0441\u043b\u0435\u0434\u0443\u044e\u0449\u0438\u0445 \u0440\u043e\u0437\u043d\u0438\u0447\u043d\u044b\u0445 \u043c\u0430\u0433\u0430\u0437\u0438\u043d\u0430\u0445:<\/p>\t\t\t\t\t\t\t\t<\/div>\n\t\t\t\t<\/div>\n\t\t\t\t\t<\/div>\n\t\t\t\t<\/div>\n\t\t<div class=\"elementor-element elementor-element-09b0601 e-flex e-con-boxed e-con e-parent\" data-id=\"09b0601\" data-element_type=\"container\" data-e-type=\"container\" id=\"ws-mapping\" data-settings=\"{&quot;background_background&quot;:&quot;classic&quot;}\">\n\t\t\t\t\t<div class=\"e-con-inner\">\n\t\t<div class=\"elementor-element elementor-element-ced126c e-con-full e-flex e-con e-child\" data-id=\"ced126c\" data-element_type=\"container\" data-e-type=\"container\">\n\t\t\t\t<div class=\"elementor-element elementor-element-7a12817 elementor-invisible elementor-widget elementor-widget-heading\" data-id=\"7a12817\" data-element_type=\"widget\" data-e-type=\"widget\" data-settings=\"{&quot;_animation&quot;:&quot;fadeIn&quot;,&quot;_animation_delay&quot;:200}\" data-widget_type=\"heading.default\">\n\t\t\t\t<div class=\"elementor-widget-container\">\n\t\t\t\t\t<h3 class=\"elementor-heading-title elementor-size-default\">\u0421\u0435\u0440\u0431\u0438\u044f<\/h3>\t\t\t\t<\/div>\n\t\t\t\t<\/div>\n\t\t<div class=\"elementor-element elementor-element-664fd3f e-con-full e-flex e-con e-child\" data-id=\"664fd3f\" data-element_type=\"container\" data-e-type=\"container\">\n\t\t\t\t<div class=\"elementor-element elementor-element-d3c9fb7 elementor-widget elementor-widget-image\" data-id=\"d3c9fb7\" data-element_type=\"widget\" data-e-type=\"widget\" data-widget_type=\"image.default\">\n\t\t\t\t<div class=\"elementor-widget-container\">\n\t\t\t\t\t\t\t\t\t\t\t\t\t\t\t<img fetchpriority=\"high\" decoding=\"async\" width=\"693\" height=\"121\" src=\"https:\/\/pomirishi.rs\/wp-content\/uploads\/2024\/06\/zelen-logo@2x-200x35.png\" class=\"attachment-full size-full wp-image-8905\" alt=\"logo\" srcset=\"https:\/\/pomirishi.rs\/wp-content\/uploads\/2024\/06\/zelen-logo@2x.png 693w, https:\/\/pomirishi.rs\/wp-content\/uploads\/2024\/06\/zelen-logo@2x-300x52.png 300w, https:\/\/pomirishi.rs\/wp-content\/uploads\/2024\/06\/zelen-logo@2x-200x35.png 200w\" sizes=\"(max-width: 693px) 100vw, 693px\" \/>\t\t\t\t\t\t\t\t\t\t\t\t\t\t\t<\/div>\n\t\t\t\t<\/div>\n\t\t\t\t<div class=\"elementor-element elementor-element-cf5fddb elementor-invisible elementor-widget elementor-widget-text-editor\" data-id=\"cf5fddb\" data-element_type=\"widget\" data-e-type=\"widget\" data-settings=\"{&quot;_animation&quot;:&quot;fadeIn&quot;,&quot;_animation_delay&quot;:800}\" data-widget_type=\"text-editor.default\">\n\t\t\t\t<div class=\"elementor-widget-container\">\n\t\t\t\t\t\t\t\t\t<p>\u041c\u0430\u0433\u0430\u0437\u0438\u043d Pomirishi<\/p>\t\t\t\t\t\t\t\t<\/div>\n\t\t\t\t<\/div>\n\t\t\t\t<\/div>\n\t\t\t\t<div class=\"elementor-element elementor-element-4804971 open-marker elementor-invisible elementor-widget elementor-widget-text-editor\" data-id=\"4804971\" data-element_type=\"widget\" data-e-type=\"widget\" data-settings=\"{&quot;_animation&quot;:&quot;fadeIn&quot;,&quot;_animation_delay&quot;:600}\" data-widget_type=\"text-editor.default\">\n\t\t\t\t<div class=\"elementor-widget-container\">\n\t\t\t\t\t\t\t\t\t<p><a class=\"otvori-pin\" href=\"#\" data-pin-index=\"0\" data-lat=\"44.79526729468679\" data-lng=\"20.492331298259298\"><strong>\u0411\u0435\u043b\u0433\u0440\u0430\u0434<\/strong>, \u0413\u0432\u043e\u0437\u0434\u0438\u045b\u0435\u0432\u0430 29<\/a><\/p>\t\t\t\t\t\t\t\t<\/div>\n\t\t\t\t<\/div>\n\t\t\t\t<div class=\"elementor-element elementor-element-ff3a38d elementor-widget-divider--view-line elementor-widget elementor-widget-divider\" data-id=\"ff3a38d\" data-element_type=\"widget\" data-e-type=\"widget\" data-widget_type=\"divider.default\">\n\t\t\t\t<div class=\"elementor-widget-container\">\n\t\t\t\t\t\t\t<div class=\"elementor-divider\">\n\t\t\t<span class=\"elementor-divider-separator\">\n\t\t\t\t\t\t<\/span>\n\t\t<\/div>\n\t\t\t\t\t\t<\/div>\n\t\t\t\t<\/div>\n\t\t<div class=\"elementor-element elementor-element-94cd37b e-con-full e-flex e-con e-child\" data-id=\"94cd37b\" data-element_type=\"container\" data-e-type=\"container\">\n\t\t\t\t<div class=\"elementor-element elementor-element-7fa7325 elementor-widget elementor-widget-image\" data-id=\"7fa7325\" data-element_type=\"widget\" data-e-type=\"widget\" data-widget_type=\"image.default\">\n\t\t\t\t<div class=\"elementor-widget-container\">\n\t\t\t\t\t\t\t\t\t\t\t\t\t\t\t<img decoding=\"async\" width=\"232\" height=\"72\" src=\"https:\/\/pomirishi.rs\/wp-content\/uploads\/2026\/03\/djak.png\" class=\"attachment-full size-full wp-image-31932\" alt=\"djak sport\" \/>\t\t\t\t\t\t\t\t\t\t\t\t\t\t\t<\/div>\n\t\t\t\t<\/div>\n\t\t\t\t<div class=\"elementor-element elementor-element-217b7fa elementor-invisible elementor-widget elementor-widget-text-editor\" data-id=\"217b7fa\" data-element_type=\"widget\" data-e-type=\"widget\" data-settings=\"{&quot;_animation&quot;:&quot;fadeIn&quot;,&quot;_animation_delay&quot;:800}\" data-widget_type=\"text-editor.default\">\n\t\t\t\t<div class=\"elementor-widget-container\">\n\t\t\t\t\t\t\t\t\t<p>\u041c\u0430\u0433\u0430\u0437\u0438\u043d\u044b \u0110ak Sport<\/p>\t\t\t\t\t\t\t\t<\/div>\n\t\t\t\t<\/div>\n\t\t\t\t<\/div>\n\t\t\t\t<div class=\"elementor-element elementor-element-4ce1d44 animated-slow elementor-invisible elementor-widget elementor-widget-text-editor\" data-id=\"4ce1d44\" data-element_type=\"widget\" data-e-type=\"widget\" data-settings=\"{&quot;_animation&quot;:&quot;fadeIn&quot;,&quot;_animation_delay&quot;:1000}\" data-widget_type=\"text-editor.default\">\n\t\t\t\t<div class=\"elementor-widget-container\">\n\t\t\t\t\t\t\t\t\t<p><a class=\"otvori-pin\" href=\"#\" data-pin-index=\"1\" data-lat=\"44.88852189485045\" data-lng=\"20.458770727097264\"><strong>\u0411\u0435\u043b\u0433\u0440\u0430\u0434<\/strong>, \u0422\u0426 Stop Shop, \u0411\u0440\u0430\u0442\u0441\u0442\u0432\u0430 \u0438 \u0458\u0435\u0434\u0438\u043d\u0441\u0442\u0432\u0430 2G<\/a><br><a class=\"otvori-pin\" href=\"#\" data-pin-index=\"2\"><strong>\u0411\u0435\u043b\u0433\u0440\u0430\u0434<\/strong>, \u0422\u0426 Raji\u0107eva, \u041a\u043d\u0435\u0437 \u041c\u0438\u0445\u0430\u0438\u043b\u043e\u0432\u0430 54<\/a><br><a class=\"otvori-pin\" href=\"#\" data-pin-index=\"3\"><strong>\u0421\u043c\u0435\u0434\u0435\u0440\u0435\u0432\u043e<\/strong>, \u0428\u0430\u043b\u0438\u043d\u0430\u0447\u043a\u0430 58<\/a><br><a class=\"otvori-pin\" href=\"#\" data-pin-index=\"4\"><strong>\u041a\u0440\u0430\u0433\u0443j\u0435\u0432\u0430\u0446<\/strong>, BIG \u0422\u0426 \u0414\u0438\u043c\u0438\u0442\u0440\u0438\u044f \u0422\u0443\u0446\u043e\u0432\u0438\u045b\u0430 23<\/a><br><a class=\"otvori-pin\" href=\"#\" data-pin-index=\"5\"><strong>\u041a\u0440\u0443\u0448\u0435\u0432\u0430\u0446<\/strong>, \u0422\u0426 BIG, \u041a\u0440\u0444\u0441\u043a\u0430 37<\/a><\/p>\t\t\t\t\t\t\t\t<\/div>\n\t\t\t\t<\/div>\n\t\t\t\t<div class=\"elementor-element elementor-element-bb0fbe1 elementor-invisible elementor-widget elementor-widget-heading\" data-id=\"bb0fbe1\" data-element_type=\"widget\" data-e-type=\"widget\" data-settings=\"{&quot;_animation&quot;:&quot;fadeIn&quot;,&quot;_animation_delay&quot;:1400}\" data-widget_type=\"heading.default\">\n\t\t\t\t<div class=\"elementor-widget-container\">\n\t\t\t\t\t<h3 class=\"elementor-heading-title elementor-size-default\">\u0427\u0435\u0440\u043d\u043e\u0433\u043e\u0440\u0438\u044f<\/h3>\t\t\t\t<\/div>\n\t\t\t\t<\/div>\n\t\t<div class=\"elementor-element elementor-element-58b291f e-con-full e-flex e-con e-child\" data-id=\"58b291f\" data-element_type=\"container\" data-e-type=\"container\">\n\t\t\t\t<div class=\"elementor-element elementor-element-3345222 elementor-widget elementor-widget-image\" data-id=\"3345222\" data-element_type=\"widget\" data-e-type=\"widget\" data-widget_type=\"image.default\">\n\t\t\t\t<div class=\"elementor-widget-container\">\n\t\t\t\t\t\t\t\t\t\t\t\t\t\t\t<img decoding=\"async\" width=\"2560\" height=\"947\" src=\"https:\/\/pomirishi.rs\/wp-content\/uploads\/2026\/02\/mil-pop-banner-scaled.jpg\" class=\"attachment-full size-full wp-image-29219\" alt=\"\" srcset=\"https:\/\/pomirishi.rs\/wp-content\/uploads\/2026\/02\/mil-pop-banner-scaled.jpg 2560w, https:\/\/pomirishi.rs\/wp-content\/uploads\/2026\/02\/mil-pop-banner-300x111.jpg 300w, https:\/\/pomirishi.rs\/wp-content\/uploads\/2026\/02\/mil-pop-banner-1024x379.jpg 1024w, https:\/\/pomirishi.rs\/wp-content\/uploads\/2026\/02\/mil-pop-banner-768x284.jpg 768w, https:\/\/pomirishi.rs\/wp-content\/uploads\/2026\/02\/mil-pop-banner-1536x568.jpg 1536w, https:\/\/pomirishi.rs\/wp-content\/uploads\/2026\/02\/mil-pop-banner-2048x758.jpg 2048w, https:\/\/pomirishi.rs\/wp-content\/uploads\/2026\/02\/mil-pop-banner-1200x444.jpg 1200w\" sizes=\"(max-width: 2560px) 100vw, 2560px\" \/>\t\t\t\t\t\t\t\t\t\t\t\t\t\t\t<\/div>\n\t\t\t\t<\/div>\n\t\t\t\t<div class=\"elementor-element elementor-element-0652d95 elementor-invisible elementor-widget elementor-widget-text-editor\" data-id=\"0652d95\" data-element_type=\"widget\" data-e-type=\"widget\" data-settings=\"{&quot;_animation&quot;:&quot;fadeIn&quot;,&quot;_animation_delay&quot;:800}\" data-widget_type=\"text-editor.default\">\n\t\t\t\t<div class=\"elementor-widget-container\">\n\t\t\t\t\t\t\t\t\t\u041c\u0430\u0433\u0430\u0437\u0438\u043d\u044b Mil-Pop\t\t\t\t\t\t\t\t<\/div>\n\t\t\t\t<\/div>\n\t\t\t\t<\/div>\n\t\t\t\t<div class=\"elementor-element elementor-element-04bc6a8 animated-slow elementor-invisible elementor-widget elementor-widget-text-editor\" data-id=\"04bc6a8\" data-element_type=\"widget\" data-e-type=\"widget\" data-settings=\"{&quot;_animation&quot;:&quot;fadeIn&quot;,&quot;_animation_delay&quot;:1600}\" data-widget_type=\"text-editor.default\">\n\t\t\t\t<div class=\"elementor-widget-container\">\n\t\t\t\t\t\t\t\t\t<p><a class=\"otvori-pin\" href=\"#\" data-pin-index=\"6\"><strong>\u041f\u043e\u0434\u0433\u043e\u0440\u0438\u0446\u0430<\/strong>: Mil Pop 14, 8 \u043c\u0430\u0440\u0442\u0430 \u211655 (\u0420\u044f\u0434\u043e\u043c \u0441 Titex) <\/a><\/p><p><a class=\"otvori-pin\" href=\"#\" data-pin-index=\"7\"><strong>\u041d\u0438\u043a\u0448\u0438\u045b<\/strong>: Mil Pop 6, \u0413\u043e\u0439\u043a\u0430 \u0413\u0430\u0440\u0447\u0435\u0432\u0438\u0447\u0430 \u0431\u0431<\/a><\/p><p><a class=\"otvori-pin\" href=\"#\" data-pin-index=\"8\"><strong>\u0411\u0443\u0434\u0432\u0430<\/strong>: Mil Pop 9, \u041c\u0435\u0434\u0438\u0442\u0435\u0440\u0430\u043d\u0441\u043a\u0430 8\/6<\/a><\/p>\t\t\t\t\t\t\t\t<\/div>\n\t\t\t\t<\/div>\n\t\t\t\t<\/div>\n\t\t<div class=\"elementor-element elementor-element-f43e6d7 e-con-full e-flex e-con e-child\" data-id=\"f43e6d7\" data-element_type=\"container\" data-e-type=\"container\">\n\t\t\t\t<div class=\"elementor-element elementor-element-2656b4e elementor-widget elementor-widget-html\" data-id=\"2656b4e\" data-element_type=\"widget\" data-e-type=\"widget\" data-widget_type=\"html.default\">\n\t\t\t\t<div class=\"elementor-widget-container\">\n\t\t\t\t\t<div id=\"ws-mapa\" style=\"height: 600px; width: 100%;\"><\/div>\r\n\r\n<script src=\"https:\/\/maps.googleapis.com\/maps\/api\/js?key=AIzaSyC_d4J9-qQ5p76M39Q2gxjCjZfvyq0C69o\"><\/script>\r\n<script>\r\n  let map;\r\n  let markers = [];\r\n\r\n  function initMap() {\r\n    map = new google.maps.Map(document.getElementById(\"ws-mapa\"), {\r\n        center: { lat: 44.009457, lng: 20.894754 },\r\n        zoom: 7,\r\n        zoomControl: true,\r\n        zoomControlOptions: {\r\n            position: google.maps.ControlPosition.RIGHT_TOP\r\n        }\r\n    });\r\n    \r\n    const locations = [\r\n      {\r\n        lat: 44.795267,\r\n        lng: 20.492331,\r\n        title: \"Pomirishi shop, Beograd\",\r\n        html: `\r\n          <div class=\"ws-info-tooltip\">\r\n            <h5>Pomirishi shop, Beograd<\/h5>\r\n            <span class=\"ws-address\">Adresa: Gvozdi\u0107eva 29, Beograd<\/span>\r\n            <a class=\"ws-pin-btn\" href=\"https:\/\/maps.app.goo.gl\/Xxi8AhpPeuT5m1S96\">Ruta do lokacije<\/a>\r\n          <\/div>`,\r\n      },\r\n      {\r\n        lat: 44.888395525115016,\r\n        lng: 20.458766703744146,\r\n        title: \"TC Stop Shop, Beograd\",\r\n        html: `\r\n          <div class=\"ws-info-tooltip\">\r\n            <h5>TC Stop Shop, Beograd<\/h5>\r\n            <span class=\"ws-address\">Adresa: Bratstva i jedinstva 2G, Beograd<\/span>\r\n            <a class=\"ws-pin-btn\" href=\"https:\/\/maps.app.goo.gl\/vWgZDzNJ4Zt6tvTo7\">Ruta do lokacije<\/a>\r\n          <\/div>`,\r\n      },\r\n      {\r\n        lat: 44.81969772418157,\r\n        lng: 20.45439352189004,\r\n        title: \"TC Raji\u0107eva, Beograd\",\r\n        html: `\r\n          <div class=\"ws-info-tooltip\">\r\n            <h5>TC Raji\u0107eva, Beograd<\/h5>\r\n            <span class=\"ws-address\">Adresa: Knez Mihailova 54, Beograd<\/span>\r\n            <a class=\"ws-pin-btn\" href=\"https:\/\/maps.app.goo.gl\/tgdtoZEHWPWAUSct7\">Ruta do lokacije<\/a>\r\n          <\/div>`,\r\n      },\r\n      {\r\n        lat: 44.676225,\r\n        lng: 20.945751,\r\n        title: \"Smederevo\",\r\n        html: `\r\n          <div class=\"ws-info-tooltip\">\r\n            <h5>Smederevo<\/h5>\r\n            <span class=\"ws-address\">Adresa: \u0160alina\u010dka 58, Smederevo<\/span>\r\n            <a class=\"ws-pin-btn\" href=\"https:\/\/maps.app.goo.gl\/Zx5mJtDTsWX43uj47\">Ruta do lokacije<\/a>\r\n          <\/div>`,\r\n      },\r\n      {\r\n        lat: 44.009566,\r\n        lng: 20.894676,\r\n        title: \"TC BIG, Kragujevac\",\r\n        html: `\r\n          <div class=\"ws-info-tooltip\">\r\n            <h5>TC BIG, Kragujevac<\/h5>\r\n            <span class=\"ws-address\">Adresa: Dimitrija Tucovi\u0107a br. 23, Kragujevac<\/span>\r\n            <a class=\"ws-pin-btn\" href=\"https:\/\/maps.app.goo.gl\/14mKYN7v96VZ9w3y9\">Ruta do lokacije<\/a>\r\n          <\/div>`,\r\n      },\r\n      {\r\n        lat: 43.569489,\r\n        lng: 21.340587,\r\n        title: \"TC BIG, Kru\u0161evac\",\r\n        html: `\r\n          <div class=\"ws-info-tooltip\">\r\n            <h5>TC BIG, Kru\u0161evac<\/h5>\r\n            <span class=\"ws-address\">Adresa: Krfska br. 37, Kru\u0161evac<\/span>\r\n            <a class=\"ws-pin-btn\" href=\"https:\/\/maps.app.goo.gl\/41uk57fuvqvdGjjG9\">Ruta do lokacije<\/a>\r\n          <\/div>`,\r\n      },\r\n      {\r\n        lat: 42.440063,\r\n        lng: 19.262687,\r\n        title: \"Mil Pop 14, Podgorica\",\r\n        html: `\r\n          <div class=\"ws-info-tooltip\">\r\n            <h5>Mil Pop 14, Podgorica<\/h5>\r\n            <span class=\"ws-address\">Adresa: 8. Marta broj 55 (kod Titexa), Podgorica<\/span>\r\n            <a class=\"ws-pin-btn\" href=\"https:\/\/maps.app.goo.gl\/gSNjDQy58Yi4qAgt9\">Ruta do lokacije<\/a>\r\n          <\/div>`,\r\n      },\r\n      {\r\n        lat: 42.775906,\r\n        lng: 18.950180,\r\n        title: \"Mil Pop 6, Nik\u0161i\u0107\",\r\n        html: `\r\n          <div class=\"ws-info-tooltip\">\r\n            <h5>Mil Pop 6, Nik\u0161i\u0107<\/h5>\r\n            <span class=\"ws-address\">Adresa: Gojka Gar\u010devi\u0107a bb, Nik\u0161i\u0107<\/span>\r\n            <a class=\"ws-pin-btn\" href=\"https:\/\/maps.app.goo.gl\/4CbnH9VxhVP7tmYS8\">Ruta do lokacije<\/a>\r\n          <\/div>`,\r\n      },\r\n      {\r\n        lat: 42.283937,\r\n        lng: 18.838364,\r\n        title: \"Mil Pop 9, Budva\",\r\n        html: `\r\n          <div class=\"ws-info-tooltip\">\r\n            <h5>Mil Pop 9, Budva<\/h5>\r\n            <span class=\"ws-address\">Adresa: Mediteranska 8\/6, Budva<\/span>\r\n            <a class=\"ws-pin-btn\" href=\"https:\/\/maps.app.goo.gl\/KG33UfiLGjSgUXYC8\">Ruta do lokacije<\/a>\r\n          <\/div>`,\r\n      }\r\n    ];\r\n\r\n    const infowindow = new google.maps.InfoWindow();\r\n\r\n    locations.forEach((loc, i) => {\r\n      const marker = new google.maps.Marker({\r\n        position: {lat: loc.lat, lng: loc.lng},\r\n        map: map,\r\n        title: loc.title\r\n      });\r\n\r\n      marker.addListener(\"click\", () => {\r\n        infowindow.setContent(loc.html);\r\n        infowindow.open(map, marker);\r\n      });\r\n\r\n      markers.push(marker);\r\n    });\r\n\r\n    document.querySelectorAll('.otvori-pin').forEach((link) => {\r\n      link.addEventListener('click', function(e){\r\n        e.preventDefault();\r\n        const index = parseInt(this.dataset.pinIndex);\r\n        const loc = locations[index];\r\n        map.setCenter({lat: loc.lat, lng: loc.lng});\r\n        map.setZoom(15); \r\n        google.maps.event.trigger(markers[index], 'click');\r\n      });\r\n    });\r\n  }\r\n\r\n  window.onload = initMap;\r\n<\/script>\r\n\t\t\t\t<\/div>\n\t\t\t\t<\/div>\n\t\t\t\t<\/div>\n\t\t\t\t\t<\/div>\n\t\t\t\t<\/div>\n\t\t\t\t<\/div>\n\t\t","protected":false},"excerpt":{"rendered":"<p>\u041b\u041e\u041a\u0410\u0426\u0418\u042f \u0413\u0432\u043e\u0437\u0434\u0438\u045b\u0435\u0432\u0430 29, \u0411\u0435\u043b\u0433\u0440\u0430\u0434 11050 \u041f\u043e\u043d\u0435\u0434\u0435\u043b\u044c\u043d\u0438\u043a \u2013 \u041f\u044f\u0442\u043d\u0438\u0446\u0430: 10:00 \u2013 17:00 \u0414\u0418\u0421\u0422\u0420\u0418\u0411\u042c\u042e\u0422\u041e\u0420\u042b \u041d\u0430\u0448\u0438 \u0442\u043e\u0432\u0430\u0440\u044b \u043c\u043e\u0436\u043d\u043e \u043f\u0440\u0438\u043e\u0431\u0440\u0435\u0441\u0442\u0438 \u0438 \u0432 \u0441\u043b\u0435\u0434\u0443\u044e\u0449\u0438\u0445 \u0440\u043e\u0437\u043d\u0438\u0447\u043d\u044b\u0445 [&hellip;]<\/p>\n","protected":false},"author":2,"featured_media":0,"parent":0,"menu_order":0,"comment_status":"closed","ping_status":"closed","template":"","meta":{"site-sidebar-layout":"no-sidebar","site-content-layout":"","ast-site-content-layout":"full-width-container","site-content-style":"default","site-sidebar-style":"default","ast-global-header-display":"","ast-banner-title-visibility":"","ast-main-header-display":"","ast-hfb-above-header-display":"","ast-hfb-below-header-display":"","ast-hfb-mobile-header-display":"","site-post-title":"disabled","ast-breadcrumbs-content":"","ast-featured-img":"disabled","footer-sml-layout":"","ast-disable-related-posts":"","theme-transparent-header-meta":"","adv-header-id-meta":"","stick-header-meta":"","header-above-stick-meta":"","header-main-stick-meta":"","header-below-stick-meta":"","astra-migrate-meta-layouts":"default","ast-page-background-enabled":"default","ast-page-background-meta":{"desktop":{"background-color":"var(--ast-global-color-4)","background-image":"","background-repeat":"repeat","background-position":"center center","background-size":"auto","background-attachment":"scroll","background-type":"","background-media":"","overlay-type":"","overlay-color":"","overlay-opacity":"","overlay-gradient":""},"tablet":{"background-color":"","background-image":"","background-repeat":"repeat","background-position":"center center","background-size":"auto","background-attachment":"scroll","background-type":"","background-media":"","overlay-type":"","overlay-color":"","overlay-opacity":"","overlay-gradient":""},"mobile":{"background-color":"","background-image":"","background-repeat":"repeat","background-position":"center center","background-size":"auto","background-attachment":"scroll","background-type":"","background-media":"","overlay-type":"","overlay-color":"","overlay-opacity":"","overlay-gradient":""}},"ast-content-background-meta":{"desktop":{"background-color":"var(--ast-global-color-5)","background-image":"","background-repeat":"repeat","background-position":"center center","background-size":"auto","background-attachment":"scroll","background-type":"","background-media":"","overlay-type":"","overlay-color":"","overlay-opacity":"","overlay-gradient":""},"tablet":{"background-color":"var(--ast-global-color-5)","background-image":"","background-repeat":"repeat","background-position":"center center","background-size":"auto","background-attachment":"scroll","background-type":"","background-media":"","overlay-type":"","overlay-color":"","overlay-opacity":"","overlay-gradient":""},"mobile":{"background-color":"var(--ast-global-color-5)","background-image":"","background-repeat":"repeat","background-position":"center center","background-size":"auto","background-attachment":"scroll","background-type":"","background-media":"","overlay-type":"","overlay-color":"","overlay-opacity":"","overlay-gradient":""}},"footnotes":""},"class_list":["post-28572","page","type-page","status-publish","hentry"],"_links":{"self":[{"href":"https:\/\/pomirishi.rs\/ru\/wp-json\/wp\/v2\/pages\/28572","targetHints":{"allow":["GET"]}}],"collection":[{"href":"https:\/\/pomirishi.rs\/ru\/wp-json\/wp\/v2\/pages"}],"about":[{"href":"https:\/\/pomirishi.rs\/ru\/wp-json\/wp\/v2\/types\/page"}],"author":[{"embeddable":true,"href":"https:\/\/pomirishi.rs\/ru\/wp-json\/wp\/v2\/users\/2"}],"replies":[{"embeddable":true,"href":"https:\/\/pomirishi.rs\/ru\/wp-json\/wp\/v2\/comments?post=28572"}],"version-history":[{"count":17,"href":"https:\/\/pomirishi.rs\/ru\/wp-json\/wp\/v2\/pages\/28572\/revisions"}],"predecessor-version":[{"id":31941,"href":"https:\/\/pomirishi.rs\/ru\/wp-json\/wp\/v2\/pages\/28572\/revisions\/31941"}],"wp:attachment":[{"href":"https:\/\/pomirishi.rs\/ru\/wp-json\/wp\/v2\/media?parent=28572"}],"curies":[{"name":"wp","href":"https:\/\/api.w.org\/{rel}","templated":true}]}}